{"id":2537,"date":"2025-11-19T09:10:09","date_gmt":"2025-11-19T08:10:09","guid":{"rendered":"https:\/\/www.camping-aveyron.fr\/juridische-informatie\/"},"modified":"2025-12-17T16:03:10","modified_gmt":"2025-12-17T15:03:10","slug":"juridische-informatie","status":"publish","type":"page","link":"https:\/\/www.camping-aveyron.fr\/nl\/juridische-informatie\/","title":{"rendered":"Juridische informatie"},"content":{"rendered":"\n<div class=\"wp-block-cover alignfull\" style=\"margin-top:0;margin-bottom:0;padding-top:var(--wp--preset--spacing--xxxxl);padding-right:0;padding-bottom:var(--wp--preset--spacing--xxxxl);padding-left:0\"><img alt=\"\" loading=\"lazy\" decoding=\"async\" width=\"1600\" height=\"900\" class=\"wp-block-cover__image-background wp-image-604 size-full\" alt=\"\" src=\"https:\/\/www.camping-aveyron.fr\/wp-content\/uploads\/2025\/11\/vue-aerienne04.webp\" data-object-fit=\"cover\" srcset=\"https:\/\/www.camping-aveyron.fr\/wp-content\/uploads\/2025\/11\/vue-aerienne04.webp 1600w, https:\/\/www.camping-aveyron.fr\/wp-content\/uploads\/2025\/11\/vue-aerienne04-300x169.webp 300w, https:\/\/www.camping-aveyron.fr\/wp-content\/uploads\/2025\/11\/vue-aerienne04-1024x576.webp 1024w, https:\/\/www.camping-aveyron.fr\/wp-content\/uploads\/2025\/11\/vue-aerienne04-768x432.webp 768w, https:\/\/www.camping-aveyron.fr\/wp-content\/uploads\/2025\/11\/vue-aerienne04-1440x810.webp 1440w, https:\/\/www.camping-aveyron.fr\/wp-content\/uploads\/2025\/11\/vue-aerienne04-1366x768.webp 1366w, https:\/\/www.camping-aveyron.fr\/wp-content\/uploads\/2025\/11\/vue-aerienne04-800x450.webp 800w, https:\/\/www.camping-aveyron.fr\/wp-content\/uploads\/2025\/11\/vue-aerienne04-640x360.webp 640w, https:\/\/www.camping-aveyron.fr\/wp-content\/uploads\/2025\/11\/vue-aerienne04-375x210.webp 375w, https:\/\/www.camping-aveyron.fr\/wp-content\/uploads\/2025\/11\/vue-aerienne04-200x112.webp 200w, https:\/\/www.camping-aveyron.fr\/wp-content\/uploads\/2025\/11\/vue-aerienne04-100x56.webp 100w\" sizes=\"auto, (max-width: 1600px) 100vw, 1600px\" \/><span aria-hidden=\"true\" class=\"wp-block-cover__background has-background-dim-30 has-background-dim wp-block-cover__gradient-background has-background-gradient\" style=\"background:linear-gradient(180deg,rgba(0,0,0,0) 0%,rgba(0,0,0,0.63) 63%,rgb(0,0,0) 100%)\"><\/span><div class=\"wp-block-cover__inner-container is-layout-flow wp-container-core-cover-is-layout-359b63a6 wp-block-cover-is-layout-flow\">\n<div style=\"height:var(--wp--preset--spacing--xxl)\" aria-hidden=\"true\" class=\"wp-block-spacer\"><\/div>\n\n\n<div class=\"aligncenter wp-block-site-logo\"><a href=\"https:\/\/www.camping-aveyron.fr\/nl\/\" class=\"custom-logo-link\" rel=\"home\"><img loading=\"lazy\" decoding=\"async\" width=\"400\" height=\"195\" src=\"https:\/\/www.camping-aveyron.fr\/wp-content\/uploads\/2025\/12\/logo.png\" class=\"custom-logo\" alt=\"Camping Les Calqui\u00e8res\" srcset=\"https:\/\/www.camping-aveyron.fr\/wp-content\/uploads\/2025\/12\/logo.png 350w, https:\/\/www.camping-aveyron.fr\/wp-content\/uploads\/2025\/12\/logo-300x147.png 300w\" sizes=\"auto, (max-width: 400px) 100vw, 400px\" \/><\/a><\/div>\n\n\n<div style=\"height:var(--wp--preset--spacing--xxl)\" aria-hidden=\"true\" class=\"wp-block-spacer\"><\/div>\n\n\n\n<h1 class=\"wp-block-heading has-text-align-center is-style-default has-background-color has-text-color has-link-color wp-elements-8b97e9d84597fddffd1635e7be8c74ba\" style=\"padding-top:var(--wp--preset--spacing--xl)\"><strong>Informatie<\/strong><\/h1>\n\n\n\n<p class=\"has-text-align-center is-style-top-title banner-hero-ballastiere-title has-background-color has-text-color has-link-color wp-elements-0a9c8b65a84835e0a4c9d70d903eb4e8 is-style-top-title--1\">Wettelijk<\/p>\n\n\n\n<div style=\"height:var(--wp--preset--spacing--m)\" aria-hidden=\"true\" class=\"wp-block-spacer banner-hero-ballastiere-esp-responsive\"><\/div>\n\n\n\n<div style=\"height:var(--wp--preset--spacing--xxxxl)\" aria-hidden=\"true\" class=\"wp-block-spacer\"><\/div>\n<\/div><\/div>\n<div style=\"padding-top:var(--wp--preset--spacing--m);padding-bottom:var(--wp--preset--spacing--m);\" class=\"wp-block-wpseopress-breadcrumbs\"><nav  aria-label=\"breadcrumb\"><ol class=\"breadcrumb\" itemscope itemtype=\"https:\/\/schema.org\/BreadcrumbList\"><li class=\"breadcrumb-item active\" aria-current=\"page\" itemprop=\"itemListElement\" itemscope itemtype=\"https:\/\/schema.org\/ListItem\"><span itemprop=\"name\">Camping en Aveyron<\/span><meta itemprop=\"position\" content=\"1\"><\/li><\/ol><\/nav><\/div>\n<div class=\"wp-block-group has-global-padding is-layout-constrained wp-block-group-is-layout-constrained\">\n<div style=\"height:var(--wp--preset--spacing--xxl)\" aria-hidden=\"true\" class=\"wp-block-spacer\"><\/div>\n\n\n\n<h2 class=\"wp-block-heading\">Identiteit<\/h2>\n\n\n\n<p>Naam website: Camping Les Calqui\u00e8res<br\/>Adres: https:\/\/www.camping-aveyron.fr\/<br\/>Eigenaar: Karine BUFFET<br\/>Publicatiemanager: Camping Les Calqui\u00e8res<br\/>Ontwerp en productie: Horizon Marketing<br\/>Animatie: Camping Les Calqui\u00e8res<br\/>H\u00e9bergement : <strong>Infomaniak<\/strong><\/p>\n\n\n\n<p><\/p>\n\n\n\n<h2 class=\"wp-block-heading\">Rechtspersoon<\/h2>\n\n\n\n<p>SARL LES CALQUIERES, Maatschappelijk kapitaal: \u20ac25.000,00, SIRET Nr: 801 093 253 000 12, APE Code: 5530Z, RCS: 801 093 253, Intracommunautaire BTW: FR11 801 093 253, GECLASSIFICEERD OP 28\/09\/2020 n\u00b0C12-051465-004<\/p>\n\n\n\n<h2 class=\"wp-block-heading\">Gebruiksvoorwaarden<\/h2>\n\n\n\n<p>Het gebruik van deze site impliceert de volledige aanvaarding van de algemene gebruiksvoorwaarden die hieronder worden beschreven. Deze gebruiksvoorwaarden kunnen te allen tijde worden gewijzigd of aangevuld. <\/p>\n\n\n\n<h2 class=\"wp-block-heading\">Informatie<\/h2>\n\n\n\n<p>De informatie en documenten op deze site worden uitsluitend ter informatie verstrekt, zijn niet uitputtend en vallen niet onder de verantwoordelijkheid van de eigenaar van de site.<\/p>\n\n\n\n<p>De eigenaar van de site kan niet aansprakelijk worden gesteld voor rechtstreekse of onrechtstreekse schade die voortvloeit uit de toegang tot de site.<\/p>\n\n\n\n<h2 class=\"wp-block-heading\">Interactiviteit<\/h2>\n\n\n\n<p>Gebruikers van de site kunnen inhoud insturen, die op de site zal verschijnen in speciale gebieden (met name via het contactformulier). De ingezonden inhoud blijft de verantwoordelijkheid van de auteurs, die de volledige wettelijke aansprakelijkheid op zich nemen. <\/p>\n\n\n\n<p>De eigenaar van de site behoudt zich echter het recht voor om zonder kennisgeving of rechtvaardiging inhoud te verwijderen die door gebruikers is geplaatst en die niet voldoet aan het ethisch handvest van de site of aan de huidige wetgeving.<\/p>\n\n\n\n<h2 class=\"wp-block-heading\">Intellectueel eigendom<\/h2>\n\n\n\n<p>Tenzij anders vermeld, blijven alle elementen die toegankelijk zijn op de site (teksten, afbeeldingen, grafieken, logo&#8217;s, pictogrammen, geluiden, software, enz.) het exclusieve eigendom van hun auteurs, met betrekking tot intellectuele eigendomsrechten of gebruiksrechten.<\/p>\n\n\n\n<p>Elke reproductie, representatie, wijziging, publicatie, aanpassing van alle of een deel van de elementen van de site, ongeacht het gebruikte middel of proces, is verboden, tenzij met de voorafgaande schriftelijke toestemming van de auteur.<\/p>\n\n\n\n<p>Elk ongeoorloofd gebruik van de site of een van de elementen op de site wordt beschouwd als een inbreuk en kan strafrechtelijk worden vervolgd.<\/p>\n\n\n\n<p>De merken en logo&#8217;s die op de site worden weergegeven, zijn geregistreerd door de bedrijven die er eigenaar van zijn.<\/p>\n\n\n\n<p><\/p>\n\n\n\n<h2 class=\"wp-block-heading\">Links<\/h2>\n\n\n\n<p><strong>Uitgaande links<\/strong><\/p>\n\n\n\n<p>De eigenaar van de site wijst alle verantwoordelijkheid af en is niet gebonden door het verwijzen, via hyperlinks, naar bronnen van derden die aanwezig zijn op het internetnetwerk, zowel wat betreft hun inhoud als hun relevantie.<\/p>\n\n\n\n<p><strong>Inkomende links<\/strong><\/p>\n\n\n\n<p>De eigenaar van de site staat hyperlinks toe naar elke pagina op deze site, op voorwaarde dat deze een nieuw venster openen en op ondubbelzinnige wijze worden gepresenteerd om te voorkomen dat :<\/p>\n\n\n\n<ul class=\"wp-block-list\">\n<li>elk risico op verwarring tussen de citerende site en de site-eigenaar<\/li>\n\n\n\n<li>evenals elke presentatie die tendentieus of in strijd met de geldende wetgeving is.<\/li>\n<\/ul>\n\n\n\n<p>De eigenaar van de site behoudt zich het recht voor om de verwijdering van een link te vragen als hij van mening is dat de bronsite niet voldoet aan deze regels.<\/p>\n\n\n\n<h2 class=\"wp-block-heading\">Vertrouwelijkheid<\/h2>\n\n\n\n<p>Alle gebruikers hebben het recht op toegang tot, rectificatie van en verzet tegen alle persoonlijke gegevens die op hen betrekking hebben, door een schriftelijk en ondertekend verzoek in te dienen, vergezeld van een identiteitsbewijs.<\/p>\n\n\n\n<p>Neem voor vragen contact op met de klachtenafdeling<\/p>\n\n\n\n<h2 class=\"wp-block-heading\">Ombudsman voor consumenten<\/h2>\n\n\n\n<p>In overeenstemming met de bepalingen van artikel L 612-1 van de Franse consumentenwetgeving, heeft elke campingklant het recht om gratis een beroep te doen op een consumentenbemiddelaar met het oog op de minnelijke schikking van een geschil met de campingexploitant.<br\/>Centre de la m\u00e9diation de la consommation de conciliateurs de justice &#8211; CM2C<br\/>14 Rue Saint Jean<br\/>75017 PARIS of op de website CM2C.net.<\/p>\n\n\n\n<h2 class=\"wp-block-heading\">Credits<\/h2>\n\n\n\n<p>Adobe voorraad<br\/>Camping Les Calqui\u00e8res<\/p>\n\n\n\n<div style=\"height:var(--wp--preset--spacing--xxl)\" aria-hidden=\"true\" class=\"wp-block-spacer\"><\/div>\n<\/div>\n","protected":false},"excerpt":{"rendered":"<p>Identiteit Naam website: Camping Les Calqui\u00e8resAdres: https:\/\/www.camping-aveyron.fr\/Eigenaar: Karine BUFFETPublicatiemanager: Camping Les Calqui\u00e8resOntwerp en productie: Horizon MarketingAnimatie: Camping Les Calqui\u00e8resH\u00e9bergement : Infomaniak Rechtspersoon SARL LES CALQUIERES, Maatschappelijk kapitaal: \u20ac25.000,00, SIRET Nr: 801 093 253 000 12, APE Code: 5530Z, RCS: 801 093 253, Intracommunautaire BTW: FR11 801 093 253, GECLASSIFICEERD OP 28\/09\/2020 n\u00b0C12-051465-004 Gebruiksvoorwaarden Het gebruik [&hellip;]<\/p>\n","protected":false},"author":1,"featured_media":0,"parent":0,"menu_order":0,"comment_status":"closed","ping_status":"closed","template":"page-no-title","meta":{"_acf_changed":false,"_seopress_robots_primary_cat":"","_seopress_titles_title":"Wettelijke informatie | Camping Les Calqui\u00e8res in Aveyron","_seopress_titles_desc":"Wettelijke vermeldingen voor de 5-sterrencamping Les Calqui\u00e8res in Aveyron.","_seopress_robots_index":"","footnotes":""},"class_list":["post-2537","page","type-page","status-publish","hentry"],"acf":[],"_links":{"self":[{"href":"https:\/\/www.camping-aveyron.fr\/nl\/wp-json\/wp\/v2\/pages\/2537","targetHints":{"allow":["GET"]}}],"collection":[{"href":"https:\/\/www.camping-aveyron.fr\/nl\/wp-json\/wp\/v2\/pages"}],"about":[{"href":"https:\/\/www.camping-aveyron.fr\/nl\/wp-json\/wp\/v2\/types\/page"}],"author":[{"embeddable":true,"href":"https:\/\/www.camping-aveyron.fr\/nl\/wp-json\/wp\/v2\/users\/1"}],"replies":[{"embeddable":true,"href":"https:\/\/www.camping-aveyron.fr\/nl\/wp-json\/wp\/v2\/comments?post=2537"}],"version-history":[{"count":2,"href":"https:\/\/www.camping-aveyron.fr\/nl\/wp-json\/wp\/v2\/pages\/2537\/revisions"}],"predecessor-version":[{"id":3236,"href":"https:\/\/www.camping-aveyron.fr\/nl\/wp-json\/wp\/v2\/pages\/2537\/revisions\/3236"}],"wp:attachment":[{"href":"https:\/\/www.camping-aveyron.fr\/nl\/wp-json\/wp\/v2\/media?parent=2537"}],"curies":[{"name":"wp","href":"https:\/\/api.w.org\/{rel}","templated":true}]}}