{"id":5091,"date":"2026-01-20T15:18:15","date_gmt":"2026-01-20T14:18:15","guid":{"rendered":"https:\/\/www.camping-aveyron.fr\/news\/"},"modified":"2026-01-20T17:07:08","modified_gmt":"2026-01-20T16:07:08","slug":"news","status":"publish","type":"page","link":"https:\/\/www.camping-aveyron.fr\/en\/news\/","title":{"rendered":"News"},"content":{"rendered":"\n<div class=\"wp-block-cover alignfull\" style=\"margin-top:0;margin-bottom:0;padding-top:var(--wp--preset--spacing--xxxxl);padding-right:0;padding-bottom:var(--wp--preset--spacing--xxxxl);padding-left:0\"><img alt=\"\" loading=\"lazy\" decoding=\"async\" width=\"2560\" height=\"1707\" class=\"wp-block-cover__image-background wp-image-565 size-full\" alt=\"\" src=\"https:\/\/www.camping-aveyron.fr\/wp-content\/uploads\/2025\/11\/vue-camping02-scaled.webp\" data-object-fit=\"cover\" srcset=\"https:\/\/www.camping-aveyron.fr\/wp-content\/uploads\/2025\/11\/vue-camping02-scaled.webp 2560w, https:\/\/www.camping-aveyron.fr\/wp-content\/uploads\/2025\/11\/vue-camping02-300x200.webp 300w, https:\/\/www.camping-aveyron.fr\/wp-content\/uploads\/2025\/11\/vue-camping02-1024x683.webp 1024w, https:\/\/www.camping-aveyron.fr\/wp-content\/uploads\/2025\/11\/vue-camping02-768x512.webp 768w, https:\/\/www.camping-aveyron.fr\/wp-content\/uploads\/2025\/11\/vue-camping02-1440x960.webp 1440w, https:\/\/www.camping-aveyron.fr\/wp-content\/uploads\/2025\/11\/vue-camping02-1080x720.webp 1080w, https:\/\/www.camping-aveyron.fr\/wp-content\/uploads\/2025\/11\/vue-camping02-720x480.webp 720w, https:\/\/www.camping-aveyron.fr\/wp-content\/uploads\/2025\/11\/vue-camping02-480x320.webp 480w, https:\/\/www.camping-aveyron.fr\/wp-content\/uploads\/2025\/11\/vue-camping02-240x160.webp 240w, https:\/\/www.camping-aveyron.fr\/wp-content\/uploads\/2025\/11\/vue-camping02-120x80.webp 120w\" sizes=\"auto, (max-width: 2560px) 100vw, 2560px\" \/><span aria-hidden=\"true\" class=\"wp-block-cover__background has-background-dim-30 has-background-dim wp-block-cover__gradient-background has-background-gradient\" style=\"background:linear-gradient(180deg,rgba(0,0,0,0) 0%,rgba(0,0,0,0.63) 63%,rgb(0,0,0) 100%)\"><\/span><div class=\"wp-block-cover__inner-container is-layout-flow wp-container-core-cover-is-layout-359b63a6 wp-block-cover-is-layout-flow\">\n<div style=\"height:var(--wp--preset--spacing--xxl)\" aria-hidden=\"true\" class=\"wp-block-spacer\"><\/div>\n\n\n<div class=\"aligncenter wp-block-site-logo\"><a href=\"https:\/\/www.camping-aveyron.fr\/en\/\" class=\"custom-logo-link\" rel=\"home\"><img loading=\"lazy\" decoding=\"async\" width=\"400\" height=\"195\" src=\"https:\/\/www.camping-aveyron.fr\/wp-content\/uploads\/2025\/12\/logo.png\" class=\"custom-logo\" alt=\"Camping Les Calqui\u00e8res\" srcset=\"https:\/\/www.camping-aveyron.fr\/wp-content\/uploads\/2025\/12\/logo.png 350w, https:\/\/www.camping-aveyron.fr\/wp-content\/uploads\/2025\/12\/logo-300x147.png 300w\" sizes=\"auto, (max-width: 400px) 100vw, 400px\" \/><\/a><\/div>\n\n\n<div style=\"height:var(--wp--preset--spacing--xxl)\" aria-hidden=\"true\" class=\"wp-block-spacer\"><\/div>\n\n\n\n<h1 class=\"wp-block-heading has-text-align-center is-style-default has-background-color has-text-color has-link-color wp-elements-e605a2809863bad2ba694291ec929f0d\" style=\"padding-top:var(--wp--preset--spacing--xl)\"><strong>Camping les Calqui\u00e8res<\/strong><\/h1>\n\n\n\n<p class=\"has-text-align-center is-style-top-title banner-hero-ballastiere-title has-background-color has-text-color has-link-color wp-elements-a47f299981c71866d134a8e2d46c5d5d is-style-top-title--1\">News<\/p>\n\n\n\n<div style=\"height:var(--wp--preset--spacing--m)\" aria-hidden=\"true\" class=\"wp-block-spacer banner-hero-ballastiere-esp-responsive\"><\/div>\n\n\n\n<div style=\"height:var(--wp--preset--spacing--xxxxl)\" aria-hidden=\"true\" class=\"wp-block-spacer\"><\/div>\n<\/div><\/div>\n\n<div class=\"wp-block-group alignfull is-style-group-background-point has-global-padding is-layout-constrained wp-block-group-is-layout-constrained\">\n<div style=\"height:var(--wp--preset--spacing--xl)\" aria-hidden=\"true\" class=\"wp-block-spacer\"><\/div>\n\n\n<div style=\"padding-left:var(--wp--preset--spacing--xl);\" class=\"alignfull wp-block-wpseopress-breadcrumbs\"><nav  aria-label=\"breadcrumb\"><ol class=\"breadcrumb\" itemscope itemtype=\"https:\/\/schema.org\/BreadcrumbList\"><li class=\"breadcrumb-item active\" aria-current=\"page\" itemprop=\"itemListElement\" itemscope itemtype=\"https:\/\/schema.org\/ListItem\"><span itemprop=\"name\">Camping en Aveyron<\/span><meta itemprop=\"position\" content=\"1\"><\/li><\/ol><\/nav><\/div>\n\n\n<div style=\"height:var(--wp--preset--spacing--xxxl)\" aria-hidden=\"true\" class=\"wp-block-spacer\"><\/div>\n\n\n<!-- Gridbuilder \u1d42\u1d3e Plugin (https:\/\/wpgridbuilder.com) -->\n<div class=\"wp-grid-builder wpgb-grid-9 alignwide\" data-options=\"{&quot;id&quot;:9,&quot;type&quot;:&quot;masonry&quot;,&quot;source&quot;:&quot;post_type&quot;,&quot;loader&quot;:true,&quot;layout&quot;:&quot;vertical&quot;,&quot;reveal&quot;:1,&quot;isMainQuery&quot;:false,&quot;lazyLoad&quot;:true,&quot;cardSizes&quot;:{&quot;9999&quot;:{&quot;columns&quot;:3,&quot;height&quot;:240,&quot;gutter&quot;:28,&quot;ratio&quot;:&quot;1.33333&quot;},&quot;1200&quot;:{&quot;columns&quot;:3,&quot;height&quot;:220,&quot;gutter&quot;:28,&quot;ratio&quot;:&quot;1.33333&quot;},&quot;992&quot;:{&quot;columns&quot;:2,&quot;height&quot;:200,&quot;gutter&quot;:28,&quot;ratio&quot;:&quot;1.33333&quot;},&quot;768&quot;:{&quot;columns&quot;:1,&quot;height&quot;:200,&quot;gutter&quot;:28,&quot;ratio&quot;:&quot;1.33333&quot;},&quot;576&quot;:{&quot;columns&quot;:1,&quot;height&quot;:120,&quot;gutter&quot;:28,&quot;ratio&quot;:&quot;1.33333&quot;},&quot;320&quot;:{&quot;columns&quot;:1,&quot;height&quot;:120,&quot;gutter&quot;:28,&quot;ratio&quot;:&quot;1.33333&quot;}},&quot;fitRows&quot;:false,&quot;equalRows&quot;:0,&quot;equalColumns&quot;:false,&quot;fillLastRow&quot;:0,&quot;centerLastRow&quot;:0,&quot;horizontalOrder&quot;:true,&quot;fullWidth&quot;:false,&quot;transitionDelay&quot;:100,&quot;gallerySlideshow&quot;:false,&quot;rowsNumber&quot;:1,&quot;slideAlign&quot;:&quot;left&quot;,&quot;groupCells&quot;:1,&quot;draggable&quot;:true,&quot;initialIndex&quot;:0,&quot;contain&quot;:false,&quot;freeScroll&quot;:false,&quot;freeFriction&quot;:&quot;0.075&quot;,&quot;friction&quot;:&quot;0.285&quot;,&quot;attraction&quot;:&quot;0.025&quot;,&quot;autoPlay&quot;:0,&quot;pageDotAriaLabel&quot;:&quot;Page dot %d&quot;,&quot;isPreview&quot;:false,&quot;isGutenberg&quot;:false,&quot;rightToLeft&quot;:false}\"><div class=\"wpgb-svg-icons\" hidden>\n\t<svg viewBox=\"0 0 120 24\" width=\"0\" height=\"0\">\n\t<defs>\n        <polygon id=\"wpgb-star-svg\" points=\"12 2.5 15.1 8.8 22 9.8 17 14.6 18.2 21.5 12 18.3 5.8 21.5 7 14.6 2 9.8 8.9 8.8\"><\/polygon>\n    <\/defs>\n    <symbol id=\"wpgb-rating-stars-svg\">\n        <use xlink:href=\"#wpgb-star-svg\"><\/use>\n        <use xlink:href=\"#wpgb-star-svg\" x=\"24\"><\/use>\n        <use xlink:href=\"#wpgb-star-svg\" x=\"48\"><\/use>\n        <use xlink:href=\"#wpgb-star-svg\" x=\"72\"><\/use>\n        <use xlink:href=\"#wpgb-star-svg\" x=\"96\"><\/use>\n    <\/symbol>\n<\/svg>\n<\/div>\n<div class=\"wpgb-wrapper\">\n\t<div class=\"wpgb-main\">\n\t<div class=\"wpgb-area wpgb-area-top-2\">\n\t<div class=\"wpgb-facet wpgb-loading wpgb-facet-3\" data-facet=\"3\" data-grid=\"9\">\t<h4 class=\"wpgb-facet-title\">Sort by<\/h4>\n\t\t<fieldset>\n\t\t<legend class=\"wpgb-facet-title wpgb-sr-only\">Sort by<\/legend>\n\t\t<div class=\"wpgb-sort-facet\"><label><span class=\"wpgb-sr-only\">Sort by<\/span><select class=\"wpgb-sort wpgb-select wpgb-combobox\" name=\"sort\"><option value=\"\" selected='selected'>No<\/option><option value=\"date_desc\">Latest<\/option><option value=\"date_asc\">Older<\/option><option value=\"title_asc\">By title (A-Z)<\/option><option value=\"title_desc\">By title (Z-A)<\/option><\/select><span class=\"wpgb-select-controls\"><span class=\"wpgb-select-separator\"><\/span><svg class=\"wpgb-select-toggle\" viewBox=\"0 0 24 24\" height=\"24\" width=\"24\" aria-hidden=\"true\" focusable=\"false\"><path d=\"m12 14.536-.045.043.045-.043-5.3-5.114 5.3 5.114 5.3-5.114-5.3 5.114.045.043Z\"\/><\/svg><\/span><\/label><\/div>\t<\/fieldset>\n\t<\/div><div class=\"wpgb-facet wpgb-loading wpgb-facet-2\" data-facet=\"2\" data-grid=\"9\">\t<h4 class=\"wpgb-facet-title\">Search<\/h4>\n\t\t<fieldset>\n\t\t<legend class=\"wpgb-facet-title wpgb-sr-only\">Search<\/legend>\n\t\t<div class=\"wpgb-search-facet\"><label>\n\t\t\t\t<span class=\"wpgb-sr-only\">Search<\/span>\n\t\t\t\t<input class=\"wpgb-input\" type=\"search\" name=\"search_test\" placeholder=\"Type to search\" value=\"\" autocomplete=\"off\">\n\t\t\t\t<svg class=\"wpgb-input-icon\" viewBox=\"0 0 24 24\" height=\"16\" width=\"16\" aria-hidden=\"true\" focusable=\"false\"><path d=\"M17.5 17.5 23 23Zm-16-7a9 9 0 1 1 9 9 9 9 0 0 1-9-9Z\"\/><\/svg>\n\t\t\t<\/label><button type=\"button\" class=\"wpgb-clear-button\" hidden><span class=\"wpgb-sr-only\">Clear<\/span><svg viewBox=\"0 0 24 24\" height=\"24\" width=\"24\" aria-hidden=\"true\" focusable=\"false\"><path d=\"m12 12-4.25 4.75L12.001 12 7.75 7.25 12.001 12l4.249-4.75L12 12l4.25 4.75Z\"\/><\/svg><\/button><\/div>\t<\/fieldset>\n\t<\/div><\/div>\n<div class=\"wpgb-layout\">\n\t<div class=\"wpgb-viewport\">\n\t\t<div class=\"wpgb-masonry\">\n\t\t\t<article class=\"wpgb-card wpgb-card-23 wpgb-post-5228 wpgb-card-hidden\" data-col=\"1\" data-row=\"1\" data-format=\"standard\"><div class=\"wpgb-card-wrapper\"><div class=\"wpgb-card-inner\" data-action><div class=\"wpgb-card-media wpgb-scheme-light\"><svg data-ratio style=\"padding-top:100%\" viewBox=\"0 0 768 768\"><\/svg><div class=\"wpgb-card-media-thumbnail\"><a href=\"https:\/\/www.camping-aveyron.fr\/wp-content\/uploads\/2026\/02\/Designer.png\" tabindex=\"-1\" class=\"wpgb-handle-lb wpgb-lightbox\" data-type=\"image\" data-rel=\"9\" data-title=\"Designer\" title=\"Enlarge photo\"><div class=\"wpgb-lazy-load wpgb-lazy-spinner\" data-wpgb-thumb=\"\" data-wpgb-src=\"https:\/\/www.camping-aveyron.fr\/wp-content\/uploads\/2026\/02\/Designer-768x768.png\"><\/div><noscript><img loading=\"lazy\" decoding=\"async\" class=\"wpgb-noscript-img\" src=\"https:\/\/www.camping-aveyron.fr\/wp-content\/uploads\/2026\/02\/Designer-768x768.png\" alt=\"\" height=\"768\" width=\"768\"><\/noscript><\/a><\/div><\/div><div class=\"wpgb-card-content wpgb-scheme-dark\"><div class=\"wpgb-card-body\"><h3 class=\"wpgb-block-2\"><a href=\"https:\/\/www.camping-aveyron.fr\/en\/news\/saint-valentin\/\">\ud83d\ude97 Un petit coup de pouce pour prendre la route des vacances avec le code &#8220;OPCARBU&#8221;<\/a><\/h3><p class=\"wpgb-block-3\">Parce que le prix du carburant peut parfois freiner les envies d\u2019\u00e9vasion, nous avons d\u00e9cid\u00e9 de donner un petit coup de pouce aux vacanciers. \ud83c\udf81 50 \u20ac offerts pour toute r\u00e9servation de 500 \u20ac minimum&#8230;.<\/p><\/div><div class=\"wpgb-card-footer\"><a class=\"wpgb-block-1\" href=\"https:\/\/www.camping-aveyron.fr\/en\/news\/saint-valentin\/\">Read more<\/a><\/div><\/div><a class=\"wpgb-card-layer-link\" href=\"https:\/\/www.camping-aveyron.fr\/en\/news\/saint-valentin\/\"><\/a><\/div><\/div><\/article><article class=\"wpgb-card wpgb-card-23 wpgb-post-5013 wpgb-card-hidden\" data-col=\"1\" data-row=\"1\" data-format=\"standard\"><div class=\"wpgb-card-wrapper\"><div class=\"wpgb-card-inner\" data-action><div class=\"wpgb-card-media wpgb-scheme-light\"><svg data-ratio style=\"padding-top:100%\" viewBox=\"0 0 768 768\"><\/svg><div class=\"wpgb-card-media-thumbnail\"><a href=\"https:\/\/www.camping-aveyron.fr\/wp-content\/uploads\/2025\/12\/Reassurance-site-internet.png\" tabindex=\"-1\" class=\"wpgb-handle-lb wpgb-lightbox\" data-type=\"image\" data-rel=\"9\" data-title=\"R\u00e9assurance site internet\" title=\"Enlarge photo\"><div class=\"wpgb-lazy-load wpgb-lazy-spinner\" data-wpgb-thumb=\"\" data-wpgb-src=\"https:\/\/www.camping-aveyron.fr\/wp-content\/uploads\/2025\/12\/Reassurance-site-internet-768x768.png\"><\/div><noscript><img loading=\"lazy\" decoding=\"async\" class=\"wpgb-noscript-img\" src=\"https:\/\/www.camping-aveyron.fr\/wp-content\/uploads\/2025\/12\/Reassurance-site-internet-768x768.png\" alt=\"\" height=\"768\" width=\"768\"><\/noscript><\/a><\/div><\/div><div class=\"wpgb-card-content wpgb-scheme-dark\"><div class=\"wpgb-card-body\"><h3 class=\"wpgb-block-2\"><a href=\"https:\/\/www.camping-aveyron.fr\/en\/news\/discover-our-crazy-december-offers\/\">Discover our Crazy D\u00e9cember offers<\/a><\/h3><div class=\"wpgb-block-3\"><p class=\"has-text-align-center\">\n<p class=\"has-text-align-center\">now&#8217;s the time to book at the best price!<\/p><\/p><\/div><\/div><div class=\"wpgb-card-footer\"><a class=\"wpgb-block-1\" href=\"https:\/\/www.camping-aveyron.fr\/en\/news\/discover-our-crazy-december-offers\/\">Read more<\/a><\/div><\/div><a class=\"wpgb-card-layer-link\" href=\"https:\/\/www.camping-aveyron.fr\/en\/news\/discover-our-crazy-december-offers\/\"><\/a><\/div><\/div><\/article><article class=\"wpgb-card wpgb-card-23 wpgb-post-2509 wpgb-card-hidden\" data-col=\"1\" data-row=\"1\" data-format=\"standard\"><div class=\"wpgb-card-wrapper\"><div class=\"wpgb-card-inner\" data-action><div class=\"wpgb-card-media wpgb-scheme-light\"><svg data-ratio style=\"padding-top:66.67%\" viewBox=\"0 0 450 300\"><\/svg><div class=\"wpgb-card-media-thumbnail\"><a href=\"https:\/\/www.camping-aveyron.fr\/wp-content\/uploads\/2025\/11\/abime-de-bramabiau-visite-famille-camping-gard.jpg\" tabindex=\"-1\" class=\"wpgb-handle-lb wpgb-lightbox\" data-type=\"image\" data-rel=\"9\" data-title=\"abime-de-bramabiau-visite-famille-camping-gard\" title=\"Enlarge photo\"><div class=\"wpgb-lazy-load wpgb-lazy-spinner\" data-wpgb-thumb=\"\" data-wpgb-src=\"https:\/\/www.camping-aveyron.fr\/wp-content\/uploads\/2025\/11\/abime-de-bramabiau-visite-famille-camping-gard.jpg\"><\/div><noscript><img loading=\"lazy\" decoding=\"async\" class=\"wpgb-noscript-img\" src=\"https:\/\/www.camping-aveyron.fr\/wp-content\/uploads\/2025\/11\/abime-de-bramabiau-visite-famille-camping-gard.jpg\" alt=\"\" height=\"300\" width=\"450\"><\/noscript><\/a><\/div><\/div><div class=\"wpgb-card-content wpgb-scheme-dark\"><div class=\"wpgb-card-body\"><h3 class=\"wpgb-block-2\"><a href=\"https:\/\/www.camping-aveyron.fr\/en\/news\/visit-bramabiau-abyss\/\">Visit Bramabiau Abyss<\/a><\/h3><p class=\"wpgb-block-3\">Visit the Ab\u00eeme de Bramabiau: cave and underground river between Millau and Mont-Aigoual The Ab\u00eeme de Bramabiau is a spectacular underground river located at Saint-Sauveur-Camprieu, in the Gard C\u00e9venol, near your campsitenear Millau in Aveyron&#8230;.<\/p><\/div><div class=\"wpgb-card-footer\"><a class=\"wpgb-block-1\" href=\"https:\/\/www.camping-aveyron.fr\/en\/news\/visit-bramabiau-abyss\/\">Read more<\/a><\/div><\/div><a class=\"wpgb-card-layer-link\" href=\"https:\/\/www.camping-aveyron.fr\/en\/news\/visit-bramabiau-abyss\/\"><\/a><\/div><\/div><\/article><article class=\"wpgb-card wpgb-card-23 wpgb-post-2494 wpgb-card-hidden\" data-col=\"1\" data-row=\"1\" data-format=\"standard\"><div class=\"wpgb-card-wrapper\"><div class=\"wpgb-card-inner\" data-action><div class=\"wpgb-card-media wpgb-scheme-light\"><svg data-ratio style=\"padding-top:66.67%\" viewBox=\"0 0 450 300\"><\/svg><div class=\"wpgb-card-media-thumbnail\"><a href=\"https:\/\/www.camping-aveyron.fr\/wp-content\/uploads\/2025\/12\/visite-caves-roquefort-sur-soulzon.jpg\" tabindex=\"-1\" class=\"wpgb-handle-lb wpgb-lightbox\" data-type=\"image\" data-rel=\"9\" data-title=\"visite-caves-roquefort-sur-soulzon\" title=\"Enlarge photo\"><div class=\"wpgb-lazy-load wpgb-lazy-spinner\" data-wpgb-thumb=\"\" data-wpgb-src=\"https:\/\/www.camping-aveyron.fr\/wp-content\/uploads\/2025\/12\/visite-caves-roquefort-sur-soulzon.jpg\"><\/div><noscript><img loading=\"lazy\" decoding=\"async\" class=\"wpgb-noscript-img\" src=\"https:\/\/www.camping-aveyron.fr\/wp-content\/uploads\/2025\/12\/visite-caves-roquefort-sur-soulzon.jpg\" alt=\"\" height=\"300\" width=\"450\"><\/noscript><\/a><\/div><\/div><div class=\"wpgb-card-content wpgb-scheme-dark\"><div class=\"wpgb-card-body\"><h3 class=\"wpgb-block-2\"><a href=\"https:\/\/www.camping-aveyron.fr\/en\/news\/roquefort-cellars\/\">Roquefort cellars<\/a><\/h3><p class=\"wpgb-block-3\">Discovering the Roquefort cellars in Aveyron Aveyron is bursting with culinary treasures. Among them, Roquefort is undoubtedly the most famous of Aveyron cheeses. A jewel of French gastronomy, it is even the king of cheeses,&#8230;<\/p><\/div><div class=\"wpgb-card-footer\"><a class=\"wpgb-block-1\" href=\"https:\/\/www.camping-aveyron.fr\/en\/news\/roquefort-cellars\/\">Read more<\/a><\/div><\/div><a class=\"wpgb-card-layer-link\" href=\"https:\/\/www.camping-aveyron.fr\/en\/news\/roquefort-cellars\/\"><\/a><\/div><\/div><\/article>\t\t<\/div>\n\t<\/div>\n\t<div class=\"wpgb-loader\">\n\t<div class=\"wpgb-loader-17\">\n\t\t<div><div><\/div><div><\/div><\/div>\t<\/div>\n<\/div>\n<\/div>\n\t<\/div>\n\t\t<\/div>\n<\/div>\n\n\n\n<div style=\"height:var(--wp--preset--spacing--xxxxl)\" aria-hidden=\"true\" class=\"wp-block-spacer\"><\/div>\n<\/div>\n","protected":false},"excerpt":{"rendered":"","protected":false},"author":1,"featured_media":0,"parent":0,"menu_order":0,"comment_status":"closed","ping_status":"closed","template":"page-no-title","meta":{"_acf_changed":false,"_seopress_robots_primary_cat":"","_seopress_titles_title":"","_seopress_titles_desc":"","_seopress_robots_index":"","footnotes":""},"class_list":["post-5091","page","type-page","status-publish","hentry"],"acf":[],"_links":{"self":[{"href":"https:\/\/www.camping-aveyron.fr\/en\/wp-json\/wp\/v2\/pages\/5091","targetHints":{"allow":["GET"]}}],"collection":[{"href":"https:\/\/www.camping-aveyron.fr\/en\/wp-json\/wp\/v2\/pages"}],"about":[{"href":"https:\/\/www.camping-aveyron.fr\/en\/wp-json\/wp\/v2\/types\/page"}],"author":[{"embeddable":true,"href":"https:\/\/www.camping-aveyron.fr\/en\/wp-json\/wp\/v2\/users\/1"}],"replies":[{"embeddable":true,"href":"https:\/\/www.camping-aveyron.fr\/en\/wp-json\/wp\/v2\/comments?post=5091"}],"version-history":[{"count":1,"href":"https:\/\/www.camping-aveyron.fr\/en\/wp-json\/wp\/v2\/pages\/5091\/revisions"}],"predecessor-version":[{"id":5092,"href":"https:\/\/www.camping-aveyron.fr\/en\/wp-json\/wp\/v2\/pages\/5091\/revisions\/5092"}],"wp:attachment":[{"href":"https:\/\/www.camping-aveyron.fr\/en\/wp-json\/wp\/v2\/media?parent=5091"}],"curies":[{"name":"wp","href":"https:\/\/api.w.org\/{rel}","templated":true}]}}