{"id":2562,"date":"2025-11-19T09:09:55","date_gmt":"2025-11-19T08:09:55","guid":{"rendered":"https:\/\/www.camping-aveyron.fr\/video-gallery\/"},"modified":"2025-12-15T11:50:24","modified_gmt":"2025-12-15T10:50:24","slug":"video-gallery","status":"publish","type":"page","link":"https:\/\/www.camping-aveyron.fr\/en\/video-gallery\/","title":{"rendered":"Video gallery"},"content":{"rendered":"","protected":false},"excerpt":{"rendered":"","protected":false},"author":1,"featured_media":0,"parent":0,"menu_order":0,"comment_status":"closed","ping_status":"closed","template":"","meta":{"_acf_changed":false,"_seopress_robots_primary_cat":"","_seopress_titles_title":"Camping S\u00e9v\u00e9rac-d'Aveyron | History of Camping Les Calqui\u00e8res","_seopress_titles_desc":"Take a video tour of Camping Les Calqui\u00e8res in Aveyron. Discover the advantages of our 5-star campsite in Aveyron. ","_seopress_robots_index":"","footnotes":""},"class_list":["post-2562","page","type-page","status-publish","hentry"],"acf":[],"_links":{"self":[{"href":"https:\/\/www.camping-aveyron.fr\/en\/wp-json\/wp\/v2\/pages\/2562","targetHints":{"allow":["GET"]}}],"collection":[{"href":"https:\/\/www.camping-aveyron.fr\/en\/wp-json\/wp\/v2\/pages"}],"about":[{"href":"https:\/\/www.camping-aveyron.fr\/en\/wp-json\/wp\/v2\/types\/page"}],"author":[{"embeddable":true,"href":"https:\/\/www.camping-aveyron.fr\/en\/wp-json\/wp\/v2\/users\/1"}],"replies":[{"embeddable":true,"href":"https:\/\/www.camping-aveyron.fr\/en\/wp-json\/wp\/v2\/comments?post=2562"}],"version-history":[{"count":1,"href":"https:\/\/www.camping-aveyron.fr\/en\/wp-json\/wp\/v2\/pages\/2562\/revisions"}],"predecessor-version":[{"id":3121,"href":"https:\/\/www.camping-aveyron.fr\/en\/wp-json\/wp\/v2\/pages\/2562\/revisions\/3121"}],"wp:attachment":[{"href":"https:\/\/www.camping-aveyron.fr\/en\/wp-json\/wp\/v2\/media?parent=2562"}],"curies":[{"name":"wp","href":"https:\/\/api.w.org\/{rel}","templated":true}]}}