{"id":2533,"date":"2025-11-19T09:10:09","date_gmt":"2025-11-19T08:10:09","guid":{"rendered":"https:\/\/www.camping-aveyron.fr\/terms-of-use\/"},"modified":"2025-12-17T16:01:16","modified_gmt":"2025-12-17T15:01:16","slug":"terms-of-use","status":"publish","type":"page","link":"https:\/\/www.camping-aveyron.fr\/en\/terms-of-use\/","title":{"rendered":"Terms of use"},"content":{"rendered":"\n<div class=\"wp-block-cover alignfull\" style=\"margin-top:0;margin-bottom:0;padding-top:var(--wp--preset--spacing--xxxxl);padding-right:0;padding-bottom:var(--wp--preset--spacing--xxxxl);padding-left:0\"><img alt=\"\" loading=\"lazy\" decoding=\"async\" width=\"1600\" height=\"900\" class=\"wp-block-cover__image-background wp-image-604 size-full\" alt=\"\" src=\"https:\/\/www.camping-aveyron.fr\/wp-content\/uploads\/2025\/11\/vue-aerienne04.webp\" data-object-fit=\"cover\" srcset=\"https:\/\/www.camping-aveyron.fr\/wp-content\/uploads\/2025\/11\/vue-aerienne04.webp 1600w, https:\/\/www.camping-aveyron.fr\/wp-content\/uploads\/2025\/11\/vue-aerienne04-300x169.webp 300w, https:\/\/www.camping-aveyron.fr\/wp-content\/uploads\/2025\/11\/vue-aerienne04-1024x576.webp 1024w, https:\/\/www.camping-aveyron.fr\/wp-content\/uploads\/2025\/11\/vue-aerienne04-768x432.webp 768w, https:\/\/www.camping-aveyron.fr\/wp-content\/uploads\/2025\/11\/vue-aerienne04-1440x810.webp 1440w, https:\/\/www.camping-aveyron.fr\/wp-content\/uploads\/2025\/11\/vue-aerienne04-1366x768.webp 1366w, https:\/\/www.camping-aveyron.fr\/wp-content\/uploads\/2025\/11\/vue-aerienne04-800x450.webp 800w, https:\/\/www.camping-aveyron.fr\/wp-content\/uploads\/2025\/11\/vue-aerienne04-640x360.webp 640w, https:\/\/www.camping-aveyron.fr\/wp-content\/uploads\/2025\/11\/vue-aerienne04-375x210.webp 375w, https:\/\/www.camping-aveyron.fr\/wp-content\/uploads\/2025\/11\/vue-aerienne04-200x112.webp 200w, https:\/\/www.camping-aveyron.fr\/wp-content\/uploads\/2025\/11\/vue-aerienne04-100x56.webp 100w\" sizes=\"auto, (max-width: 1600px) 100vw, 1600px\" \/><span aria-hidden=\"true\" class=\"wp-block-cover__background has-background-dim-30 has-background-dim wp-block-cover__gradient-background has-background-gradient\" style=\"background:linear-gradient(180deg,rgba(0,0,0,0) 0%,rgba(0,0,0,0.63) 63%,rgb(0,0,0) 100%)\"><\/span><div class=\"wp-block-cover__inner-container is-layout-flow wp-container-core-cover-is-layout-359b63a6 wp-block-cover-is-layout-flow\">\n<div style=\"height:var(--wp--preset--spacing--xxl)\" aria-hidden=\"true\" class=\"wp-block-spacer\"><\/div>\n\n\n<div class=\"aligncenter wp-block-site-logo\"><a href=\"https:\/\/www.camping-aveyron.fr\/en\/\" class=\"custom-logo-link\" rel=\"home\"><img loading=\"lazy\" decoding=\"async\" width=\"400\" height=\"195\" src=\"https:\/\/www.camping-aveyron.fr\/wp-content\/uploads\/2025\/12\/logo.png\" class=\"custom-logo\" alt=\"Camping Les Calqui\u00e8res\" srcset=\"https:\/\/www.camping-aveyron.fr\/wp-content\/uploads\/2025\/12\/logo.png 350w, https:\/\/www.camping-aveyron.fr\/wp-content\/uploads\/2025\/12\/logo-300x147.png 300w\" sizes=\"auto, (max-width: 400px) 100vw, 400px\" \/><\/a><\/div>\n\n\n<div style=\"height:var(--wp--preset--spacing--xxl)\" aria-hidden=\"true\" class=\"wp-block-spacer\"><\/div>\n\n\n\n<h1 class=\"wp-block-heading has-text-align-center is-style-default has-background-color has-text-color has-link-color wp-elements-62c5160758c1466ca9069b356af2a3b7\" style=\"padding-top:var(--wp--preset--spacing--xl)\"><strong>Mentions<\/strong><\/h1>\n\n\n\n<p class=\"has-text-align-center is-style-top-title banner-hero-ballastiere-title has-background-color has-text-color has-link-color wp-elements-9385400443da6f0cb7e7ffee56696e88 is-style-top-title--1\">Legal<\/p>\n\n\n\n<div style=\"height:var(--wp--preset--spacing--m)\" aria-hidden=\"true\" class=\"wp-block-spacer banner-hero-ballastiere-esp-responsive\"><\/div>\n\n\n\n<div style=\"height:var(--wp--preset--spacing--xxxxl)\" aria-hidden=\"true\" class=\"wp-block-spacer\"><\/div>\n<\/div><\/div>\n<div style=\"padding-top:var(--wp--preset--spacing--m);padding-bottom:var(--wp--preset--spacing--m);\" class=\"wp-block-wpseopress-breadcrumbs\"><nav  aria-label=\"breadcrumb\"><ol class=\"breadcrumb\" itemscope itemtype=\"https:\/\/schema.org\/BreadcrumbList\"><li class=\"breadcrumb-item active\" aria-current=\"page\" itemprop=\"itemListElement\" itemscope itemtype=\"https:\/\/schema.org\/ListItem\"><span itemprop=\"name\">Camping en Aveyron<\/span><meta itemprop=\"position\" content=\"1\"><\/li><\/ol><\/nav><\/div>\n<div class=\"wp-block-group has-global-padding is-layout-constrained wp-block-group-is-layout-constrained\">\n<div style=\"height:var(--wp--preset--spacing--xxl)\" aria-hidden=\"true\" class=\"wp-block-spacer\"><\/div>\n\n\n\n<h2 class=\"wp-block-heading\">Identity<\/h2>\n\n\n\n<p>Website name: Camping Les Calqui\u00e8res<br\/>Address: https:\/\/www.camping-aveyron.fr\/<br\/>Owner: Karine BUFFET<br\/>Publication manager: Camping Les Calqui\u00e8res<br\/>Design and production: Horizon Marketing<br\/>Animation: Camping Les Calqui\u00e8res<br\/>H\u00e9bergement : <strong>Infomaniak<\/strong><\/p>\n\n\n\n<p><\/p>\n\n\n\n<h2 class=\"wp-block-heading\">Legal entity<\/h2>\n\n\n\n<p>SARL LES CALQUIERES, Share capital: \u20ac25,000.00, SIRET N\u00b0: 801 093 253 000 12, APE Code: 5530Z, RCS: 801 093 253, TVA Intracommunautaire: FR11 801 093 253, CLASSED ON 28\/09\/2020 n\u00b0C12-051465-004<\/p>\n\n\n\n<h2 class=\"wp-block-heading\">Conditions of use<\/h2>\n\n\n\n<p>Use of this site implies full acceptance of the general conditions of use described below. These conditions of use may be modified or supplemented at any time. <\/p>\n\n\n\n<h2 class=\"wp-block-heading\">Information<\/h2>\n\n\n\n<p>The information and documents on this site are provided for information purposes only, are not exhaustive and do not engage the responsibility of the site owner.<\/p>\n\n\n\n<p>The site owner cannot be held responsible for direct or indirect damage resulting from access to the site.<\/p>\n\n\n\n<h2 class=\"wp-block-heading\">Interactivity<\/h2>\n\n\n\n<p>Site users may submit content, which appears on the site in dedicated areas (notably via the contact form). The content submitted remains the responsibility of its authors, who assume full legal liability. <\/p>\n\n\n\n<p>Nevertheless, the site owner reserves the right to withdraw without notice or justification any content posted by users that does not comply with the site&#8217;s ethical charter or with current legislation.<\/p>\n\n\n\n<h2 class=\"wp-block-heading\">Intellectual property<\/h2>\n\n\n\n<p>Unless otherwise stated, all elements accessible on the site (texts, images, graphics, logos, icons, sounds, software, etc.) remain the exclusive property of their authors, with regard to intellectual property rights or rights of use.<\/p>\n\n\n\n<p>Any reproduction, representation, modification, publication, adaptation of all or part of the elements of the site, whatever the means or the process used, is prohibited, except prior written authorization of the author.<\/p>\n\n\n\n<p>Any unauthorized use of the site or of any of the elements it contains is considered to constitute an infringement and is liable to prosecution.<\/p>\n\n\n\n<p>Trademarks and logos reproduced on the site are registered by the companies that own them.<\/p>\n\n\n\n<p><\/p>\n\n\n\n<h2 class=\"wp-block-heading\">Links<\/h2>\n\n\n\n<p><strong>Outgoing links<\/strong><\/p>\n\n\n\n<p>The owner of the site declines all responsibility and is not committed by the referencing via hypertext links, of third-party resources present on the Internet network, as regards both their content and their relevance.<\/p>\n\n\n\n<p><strong>Inbound links<\/strong><\/p>\n\n\n\n<p>The site owner authorizes hypertext links to any page of this site, provided that these open a new window and are presented in an unambiguous manner in order to avoid :<\/p>\n\n\n\n<ul class=\"wp-block-list\">\n<li>any risk of confusion between the quoting site and the site owner<\/li>\n\n\n\n<li>as well as any tendentious presentation, or contrary to the laws in force.<\/li>\n<\/ul>\n\n\n\n<p>The site owner reserves the right to request the removal of a link if it considers that the source site does not comply with the rules thus defined.<\/p>\n\n\n\n<h2 class=\"wp-block-heading\">Privacy<\/h2>\n\n\n\n<p>All users have the right to access, rectify and oppose any personal data concerning them, by making a written and signed request, accompanied by proof of identity.<\/p>\n\n\n\n<p>For all inquiries, please contact the complaints department<\/p>\n\n\n\n<h2 class=\"wp-block-heading\">Consumer ombudsman<\/h2>\n\n\n\n<p>In accordance with the provisions of article L 612-1 of the French Consumer Code, any campsite customer has the right to have recourse, free of charge, to a consumer mediator for the amicable resolution of a dispute with the campsite operator.<br\/>Centre de la m\u00e9diation de la consommation de conciliateurs de justice &#8211; CM2C<br\/>14 Rue Saint Jean<br\/>75017 PARIS or on the CM2C.net website.<\/p>\n\n\n\n<h2 class=\"wp-block-heading\">Credits<\/h2>\n\n\n\n<p>Adobe stock<br\/>Camping Les Calqui\u00e8res<\/p>\n\n\n\n<div style=\"height:var(--wp--preset--spacing--xxl)\" aria-hidden=\"true\" class=\"wp-block-spacer\"><\/div>\n<\/div>\n","protected":false},"excerpt":{"rendered":"<p>Identity Website name: Camping Les Calqui\u00e8resAddress: https:\/\/www.camping-aveyron.fr\/Owner: Karine BUFFETPublication manager: Camping Les Calqui\u00e8resDesign and production: Horizon MarketingAnimation: Camping Les Calqui\u00e8resH\u00e9bergement : Infomaniak Legal entity SARL LES CALQUIERES, Share capital: \u20ac25,000.00, SIRET N\u00b0: 801 093 253 000 12, APE Code: 5530Z, RCS: 801 093 253, TVA Intracommunautaire: FR11 801 093 253, CLASSED ON 28\/09\/2020 n\u00b0C12-051465-004 Conditions [&hellip;]<\/p>\n","protected":false},"author":1,"featured_media":0,"parent":0,"menu_order":0,"comment_status":"closed","ping_status":"closed","template":"page-no-title","meta":{"_acf_changed":false,"_seopress_robots_primary_cat":"","_seopress_titles_title":"Legal information | Camping Les Calqui\u00e8res in Aveyron","_seopress_titles_desc":"Legal information about the 5-star campsite Les Calqui\u00e8res in Aveyron.","_seopress_robots_index":"","footnotes":""},"class_list":["post-2533","page","type-page","status-publish","hentry"],"acf":[],"_links":{"self":[{"href":"https:\/\/www.camping-aveyron.fr\/en\/wp-json\/wp\/v2\/pages\/2533","targetHints":{"allow":["GET"]}}],"collection":[{"href":"https:\/\/www.camping-aveyron.fr\/en\/wp-json\/wp\/v2\/pages"}],"about":[{"href":"https:\/\/www.camping-aveyron.fr\/en\/wp-json\/wp\/v2\/types\/page"}],"author":[{"embeddable":true,"href":"https:\/\/www.camping-aveyron.fr\/en\/wp-json\/wp\/v2\/users\/1"}],"replies":[{"embeddable":true,"href":"https:\/\/www.camping-aveyron.fr\/en\/wp-json\/wp\/v2\/comments?post=2533"}],"version-history":[{"count":2,"href":"https:\/\/www.camping-aveyron.fr\/en\/wp-json\/wp\/v2\/pages\/2533\/revisions"}],"predecessor-version":[{"id":3259,"href":"https:\/\/www.camping-aveyron.fr\/en\/wp-json\/wp\/v2\/pages\/2533\/revisions\/3259"}],"wp:attachment":[{"href":"https:\/\/www.camping-aveyron.fr\/en\/wp-json\/wp\/v2\/media?parent=2533"}],"curies":[{"name":"wp","href":"https:\/\/api.w.org\/{rel}","templated":true}]}}